{"id":472,"date":"2024-06-21T13:20:27","date_gmt":"2024-06-21T13:20:27","guid":{"rendered":"https:\/\/hag.tula.tempurl.host\/kontakto\/"},"modified":"2025-05-15T23:23:50","modified_gmt":"2025-05-15T23:23:50","slug":"kontakto","status":"publish","type":"page","link":"https:\/\/fundashon-hendikep-ouditivo.org\/pap-cw\/kontakto\/","title":{"rendered":"Kontakto"},"content":{"rendered":"<p>[et_pb_section fb_built=&#8221;1&#8243; admin_label=&#8221;section&#8221; _builder_version=&#8221;4.27.4&#8243; custom_margin=&#8221;0px|0px|0px|0px|false|false&#8221; custom_padding=&#8221;0px|0px|0px|0px|false|false&#8221; global_colors_info=&#8221;{}&#8221;][et_pb_row _builder_version=&#8221;4.27.4&#8243; background_size=&#8221;initial&#8221; background_position=&#8221;top_left&#8221; background_repeat=&#8221;repeat&#8221; custom_margin=&#8221;0px|0px|0px|0px|false|false&#8221; custom_padding=&#8221;0px|0px|0px|0px|false|false&#8221; locked=&#8221;off&#8221; global_colors_info=&#8221;{}&#8221;][et_pb_column type=&#8221;4_4&#8243; _builder_version=&#8221;4.16&#8243; custom_padding=&#8221;|||&#8221; global_colors_info=&#8221;{}&#8221; custom_padding__hover=&#8221;|||&#8221;][et_pb_text _builder_version=&#8221;4.27.4&#8243; background_size=&#8221;initial&#8221; background_position=&#8221;top_left&#8221; background_repeat=&#8221;repeat&#8221; custom_margin=&#8221;||30px||false|false&#8221; hover_enabled=&#8221;0&#8243; global_colors_info=&#8221;{}&#8221; sticky_enabled=&#8221;0&#8243;]<\/p>\n<h3>Informashon di kontakto<\/h3>\n<p>Scharlooweg 23<\/p>\n<p>Cura\u00e7ao<\/p>\n<p>Tel. +5999 5231514<br \/>KvK: 109080<\/p>\n<p>[\/et_pb_text][et_pb_blurb title=&#8221;info@fundashon-hendikep-ouditivo.org&#8221; url=&#8221;mailto:info@fundashon-hendikep-ouditivo.org&#8221; url_new_window=&#8221;on&#8221; use_icon=&#8221;on&#8221; font_icon=&#8221;&#xe076;||divi||400&#8243; icon_color=&#8221;#000000&#8243; icon_placement=&#8221;left&#8221; content_max_width=&#8221;1100px&#8221; _builder_version=&#8221;4.27.4&#8243; _module_preset=&#8221;default&#8221; header_level=&#8221;h5&#8243; header_font=&#8221;||||||||&#8221; header_text_color=&#8221;#000000&#8243; custom_margin=&#8221;||6px||false|false&#8221; custom_padding=&#8221;12px||||false|false&#8221; locked=&#8221;off&#8221; global_colors_info=&#8221;{}&#8221;][\/et_pb_blurb][et_pb_blurb title=&#8221;fundashon-hendikep-ouditivo.org&#8221; url=&#8221;https:\/\/fundashon-hendikep-ouditivo.org&#8221; url_new_window=&#8221;on&#8221; use_icon=&#8221;on&#8221; font_icon=&#8221;&#xe09b;||divi||400&#8243; icon_color=&#8221;#000000&#8243; icon_placement=&#8221;left&#8221; content_max_width=&#8221;1100px&#8221; _builder_version=&#8221;4.27.3&#8243; _module_preset=&#8221;default&#8221; header_level=&#8221;h5&#8243; header_font=&#8221;||||||||&#8221; header_text_color=&#8221;#000000&#8243; custom_margin=&#8221;||6px||false|false&#8221; custom_padding=&#8221;12px||||false|false&#8221; locked=&#8221;off&#8221; global_colors_info=&#8221;{}&#8221;][\/et_pb_blurb][et_pb_text _builder_version=&#8221;4.27.4&#8243; background_size=&#8221;initial&#8221; background_position=&#8221;top_left&#8221; background_repeat=&#8221;repeat&#8221; custom_margin=&#8221;30px||||false|false&#8221; global_colors_info=&#8221;{}&#8221;]<\/p>\n<h3>Donashon<\/h3>\n<p>Bo donashon ta bon bin\u00ed via nos kuenta di banko.<\/p>\n<p>Maduro Curiel&#8217;s Bank N.V., Cura\u00e7ao<br \/># 87225208<\/p>\n<p>[\/et_pb_text][et_pb_text _builder_version=&#8221;4.27.4&#8243; background_size=&#8221;initial&#8221; background_position=&#8221;top_left&#8221; background_repeat=&#8221;repeat&#8221; custom_margin=&#8221;30px||||false|false&#8221; global_colors_info=&#8221;{}&#8221;]<\/p>\n<h3>Tin pregunta \u00f2f remarke?<\/h3>\n<div class=\"forminator-ui forminator-custom-form forminator-custom-form-1016 forminator-design--basic  forminator_ajax\" data-forminator-render=\"0\" data-form=\"forminator-module-1016\" data-uid=\"69f5458fd761a\"><br\/><\/div><form\r\n\t\t\t\tid=\"forminator-module-1016\"\r\n\t\t\t\tclass=\"forminator-ui forminator-custom-form forminator-custom-form-1016 forminator-design--basic  forminator_ajax\"\r\n\t\t\t\tmethod=\"post\"\r\n\t\t\t\tdata-forminator-render=\"0\"\r\n\t\t\t\tdata-form-id=\"1016\"\r\n\t\t\t\t data-color-option=\"default\" data-design=\"basic\" data-grid=\"open\" style=\"display: none;\"\r\n\t\t\t\tdata-uid=\"69f5458fd761a\"\r\n\t\t\t><div role=\"alert\" aria-live=\"polite\" class=\"forminator-response-message forminator-error\" aria-hidden=\"true\"><\/div><div class=\"forminator-row\"><div id=\"name-1\" class=\"forminator-field-name forminator-col forminator-col-12 \"><div class=\"forminator-field\"><label for=\"forminator-field-name-1_69f5458fd761a\" id=\"forminator-field-name-1_69f5458fd761a-label\" class=\"forminator-label\">N\u00f2mber <span class=\"forminator-required\">*<\/span><\/label><input type=\"text\" name=\"name-1\" value=\"\" placeholder=\"\" id=\"forminator-field-name-1_69f5458fd761a\" class=\"forminator-input forminator-name--field\" aria-required=\"true\" autocomplete=\"name\" \/><\/div><\/div><\/div><div class=\"forminator-row\"><div id=\"email-1\" class=\"forminator-field-email forminator-col forminator-col-12 \"><div class=\"forminator-field\"><label for=\"forminator-field-email-1_69f5458fd761a\" id=\"forminator-field-email-1_69f5458fd761a-label\" class=\"forminator-label\">E-mail <span class=\"forminator-required\">*<\/span><\/label><input type=\"email\" name=\"email-1\" value=\"\" placeholder=\"\" id=\"forminator-field-email-1_69f5458fd761a\" class=\"forminator-input forminator-email--field\" data-required=\"true\" aria-required=\"true\" autocomplete=\"email\" \/><\/div><\/div><\/div><div class=\"forminator-row\"><div id=\"phone-1\" class=\"forminator-field-phone forminator-col forminator-col-12 \"><div class=\"forminator-field\"><label for=\"forminator-field-phone-1_69f5458fd761a\" id=\"forminator-field-phone-1_69f5458fd761a-label\" class=\"forminator-label\">Number di telef\u00f2n<\/label><input type=\"text\" name=\"phone-1\" value=\"\" placeholder=\"\" id=\"forminator-field-phone-1_69f5458fd761a\" class=\"forminator-input forminator-field--phone\" data-required=\"\" aria-required=\"false\" autocomplete=\"off\" \/><\/div><\/div><\/div><div class=\"forminator-row\"><div id=\"textarea-1\" class=\"forminator-field-textarea forminator-col forminator-col-12 \"><div class=\"forminator-field\"><label for=\"forminator-field-textarea-1_69f5458fd761a\" id=\"forminator-field-textarea-1_69f5458fd761a-label\" class=\"forminator-label\">Mensahe<\/label><textarea name=\"textarea-1\" placeholder=\"\" id=\"forminator-field-textarea-1_69f5458fd761a\" class=\"forminator-textarea\" rows=\"6\" style=\"--forminator-textarea-min-height:140px;\" maxlength=\"180\" ><\/textarea><span id=\"forminator-field-textarea-1_69f5458fd761a-description\" class=\"forminator-description\"><span data-limit=\"180\" data-type=\"characters\" data-editor=\"\">0 \/ 180<\/span><\/span><\/div><\/div><\/div><div class=\"forminator-row\" style=\"margin: 0;\"><div id=\"captcha-1\" class=\"forminator-field-captcha  forminator-col-12 \"><div class=\"forminator-captcha-left forminator-g-recaptcha recaptcha-invisible\" data-theme=\"light\" data-badge=\"bottomright\" data-sitekey=\"6LcJa6YpAAAAAOAjk5mbsXKJZ3d92xgLN_8F8pT-\" data-size=\"invisible\"><\/div> <\/div><\/div><input type=\"hidden\" name=\"referer_url\" value=\"\" \/><div class=\"forminator-row forminator-row-last\"><div class=\"forminator-col\"><div class=\"forminator-field\"><button class=\"forminator-button forminator-button-submit\">Manda mensahe<\/button><\/div><\/div><\/div><input type=\"hidden\" id=\"forminator_nonce\" name=\"forminator_nonce\" value=\"71d9833238\" \/><input type=\"hidden\" name=\"_wp_http_referer\" value=\"\/pap-cw\/wp-json\/wp\/v2\/pages\/472\" \/><input type=\"hidden\" name=\"form_id\" value=\"1016\"><input type=\"hidden\" name=\"page_id\" value=\"472\"><input type=\"hidden\" name=\"form_type\" value=\"default\"><input type=\"hidden\" name=\"current_url\" value=\"https:\/\/fundashon-hendikep-ouditivo.org\/pap-cw\/kontakto\/\"><input type=\"hidden\" name=\"render_id\" value=\"0\"><input type=\"hidden\" name=\"action\" value=\"forminator_submit_form_custom-forms\"><\/form>\n<p>[\/et_pb_text][\/et_pb_column][\/et_pb_row][\/et_pb_section]<\/p>\n","protected":false},"excerpt":{"rendered":"<p>Informashon di kontakto Scharlooweg 23 Cura\u00e7ao Tel. +5999 5231514KvK: 109080Donashon Bo donashon ta bon bin\u00ed via nos kuenta di banko. Maduro Curiel&#8217;s Bank N.V., Cura\u00e7ao# 87225208Tin pregunta \u00f2f remarke? <div class=\"forminator-ui forminator-custom-form forminator-custom-form-1016 forminator-design--basic  forminator_ajax\" data-forminator-render=\"1\" data-form=\"forminator-module-1016\" data-uid=\"69f5458fdda1a\"><br\/><\/div><form\r\n\t\t\t\tid=\"forminator-module-1016\"\r\n\t\t\t\tclass=\"forminator-ui forminator-custom-form forminator-custom-form-1016 forminator-design--basic  forminator_ajax\"\r\n\t\t\t\tmethod=\"post\"\r\n\t\t\t\tdata-forminator-render=\"1\"\r\n\t\t\t\tdata-form-id=\"1016\"\r\n\t\t\t\t data-color-option=\"default\" data-design=\"basic\" data-grid=\"open\" style=\"display: none;\"\r\n\t\t\t\tdata-uid=\"69f5458fdda1a\"\r\n\t\t\t><div role=\"alert\" aria-live=\"polite\" class=\"forminator-response-message forminator-error\" aria-hidden=\"true\"><\/div><div class=\"forminator-row\"><div id=\"name-1\" class=\"forminator-field-name forminator-col forminator-col-12 \"><div class=\"forminator-field\"><label for=\"forminator-field-name-1_69f5458fdda1a\" id=\"forminator-field-name-1_69f5458fdda1a-label\" class=\"forminator-label\">N\u00f2mber <span class=\"forminator-required\">*<\/span><\/label><input type=\"text\" name=\"name-1\" value=\"\" placeholder=\"\" id=\"forminator-field-name-1_69f5458fdda1a\" class=\"forminator-input forminator-name--field\" aria-required=\"true\" autocomplete=\"name\" \/><\/div><\/div><\/div><div class=\"forminator-row\"><div id=\"email-1\" class=\"forminator-field-email forminator-col forminator-col-12 \"><div class=\"forminator-field\"><label for=\"forminator-field-email-1_69f5458fdda1a\" id=\"forminator-field-email-1_69f5458fdda1a-label\" class=\"forminator-label\">E-mail <span class=\"forminator-required\">*<\/span><\/label><input type=\"email\" name=\"email-1\" value=\"\" placeholder=\"\" id=\"forminator-field-email-1_69f5458fdda1a\" class=\"forminator-input forminator-email--field\" data-required=\"true\" aria-required=\"true\" autocomplete=\"email\" \/><\/div><\/div><\/div><div class=\"forminator-row\"><div id=\"phone-1\" class=\"forminator-field-phone forminator-col forminator-col-12 \"><div class=\"forminator-field\"><label for=\"forminator-field-phone-1_69f5458fdda1a\" id=\"forminator-field-phone-1_69f5458fdda1a-label\" class=\"forminator-label\">Number di telef\u00f2n<\/label><input type=\"text\" name=\"phone-1\" value=\"\" placeholder=\"\" id=\"forminator-field-phone-1_69f5458fdda1a\" class=\"forminator-input forminator-field--phone\" data-required=\"\" aria-required=\"false\" autocomplete=\"off\" \/><\/div><\/div><\/div><div class=\"forminator-row\"><div id=\"textarea-1\" class=\"forminator-field-textarea forminator-col forminator-col-12 \"><div class=\"forminator-field\"><label for=\"forminator-field-textarea-1_69f5458fdda1a\" id=\"forminator-field-textarea-1_69f5458fdda1a-label\" class=\"forminator-label\">Mensahe<\/label><textarea name=\"textarea-1\" placeholder=\"\" id=\"forminator-field-textarea-1_69f5458fdda1a\" class=\"forminator-textarea\" rows=\"6\" style=\"--forminator-textarea-min-height:140px;\" maxlength=\"180\" ><\/textarea><span id=\"forminator-field-textarea-1_69f5458fdda1a-description\" class=\"forminator-description\"><span data-limit=\"180\" data-type=\"characters\" data-editor=\"\">0 \/ 180<\/span><\/span><\/div><\/div><\/div><div class=\"forminator-row\" style=\"margin: 0;\"><div id=\"captcha-1\" class=\"forminator-field-captcha  forminator-col-12 \"><div class=\"forminator-captcha-left forminator-g-recaptcha recaptcha-invisible\" data-theme=\"light\" data-badge=\"bottomright\" data-sitekey=\"6LcJa6YpAAAAAOAjk5mbsXKJZ3d92xgLN_8F8pT-\" data-size=\"invisible\"><\/div> <\/div><\/div><input type=\"hidden\" name=\"referer_url\" value=\"\" \/><div class=\"forminator-row forminator-row-last\"><div class=\"forminator-col\"><div class=\"forminator-field\"><button class=\"forminator-button forminator-button-submit\">Manda mensahe<\/button><\/div><\/div><\/div><input type=\"hidden\" id=\"forminator_nonce\" name=\"forminator_nonce\" value=\"71d9833238\" \/><input type=\"hidden\" name=\"_wp_http_referer\" value=\"\/pap-cw\/wp-json\/wp\/v2\/pages\/472\" \/><input type=\"hidden\" name=\"form_id\" value=\"1016\"><input type=\"hidden\" name=\"page_id\" value=\"472\"><input type=\"hidden\" name=\"form_type\" value=\"default\"><input type=\"hidden\" name=\"current_url\" value=\"https:\/\/fundashon-hendikep-ouditivo.org\/pap-cw\/kontakto\/\"><input type=\"hidden\" name=\"render_id\" value=\"1\"><input type=\"hidden\" name=\"action\" value=\"forminator_submit_form_custom-forms\"><\/form><\/p>\n","protected":false},"author":1,"featured_media":557,"parent":0,"menu_order":900,"comment_status":"closed","ping_status":"closed","template":"","meta":{"_et_pb_use_builder":"on","_et_pb_old_content":"","_et_gb_content_width":"","_links_to":"","_links_to_type":0,"_vp_format_video_url":"","_vp_image_focal_point":[],"footnotes":""},"class_list":["post-472","page","type-page","status-publish","has-post-thumbnail","hentry"],"_links":{"self":[{"href":"https:\/\/fundashon-hendikep-ouditivo.org\/pap-cw\/wp-json\/wp\/v2\/pages\/472","targetHints":{"allow":["GET"]}}],"collection":[{"href":"https:\/\/fundashon-hendikep-ouditivo.org\/pap-cw\/wp-json\/wp\/v2\/pages"}],"about":[{"href":"https:\/\/fundashon-hendikep-ouditivo.org\/pap-cw\/wp-json\/wp\/v2\/types\/page"}],"author":[{"embeddable":true,"href":"https:\/\/fundashon-hendikep-ouditivo.org\/pap-cw\/wp-json\/wp\/v2\/users\/1"}],"replies":[{"embeddable":true,"href":"https:\/\/fundashon-hendikep-ouditivo.org\/pap-cw\/wp-json\/wp\/v2\/comments?post=472"}],"version-history":[{"count":0,"href":"https:\/\/fundashon-hendikep-ouditivo.org\/pap-cw\/wp-json\/wp\/v2\/pages\/472\/revisions"}],"wp:featuredmedia":[{"embeddable":true,"href":"https:\/\/fundashon-hendikep-ouditivo.org\/pap-cw\/wp-json\/wp\/v2\/media\/557"}],"wp:attachment":[{"href":"https:\/\/fundashon-hendikep-ouditivo.org\/pap-cw\/wp-json\/wp\/v2\/media?parent=472"}],"curies":[{"name":"wp","href":"https:\/\/api.w.org\/{rel}","templated":true}]}}