{"id":479,"date":"2024-06-21T13:17:52","date_gmt":"2024-06-21T13:17:52","guid":{"rendered":"https:\/\/hag.tula.tempurl.host\/home\/"},"modified":"2025-05-15T23:21:46","modified_gmt":"2025-05-15T23:21:46","slug":"home","status":"publish","type":"page","link":"https:\/\/fundashon-hendikep-ouditivo.org\/pap-cw\/","title":{"rendered":"Home"},"content":{"rendered":"<p>[et_pb_section fb_built=&#8221;1&#8243; admin_label=&#8221;section&#8221; _builder_version=&#8221;4.16&#8243; global_colors_info=&#8221;{}&#8221;][et_pb_row admin_label=&#8221;row&#8221; _builder_version=&#8221;4.16&#8243; background_size=&#8221;initial&#8221; background_position=&#8221;top_left&#8221; background_repeat=&#8221;repeat&#8221; global_colors_info=&#8221;{}&#8221;][et_pb_column type=&#8221;4_4&#8243; _builder_version=&#8221;4.16&#8243; custom_padding=&#8221;|||&#8221; global_colors_info=&#8221;{}&#8221; custom_padding__hover=&#8221;|||&#8221;][et_pb_text admin_label=&#8221;Text&#8221; _builder_version=&#8221;4.27.4&#8243; background_size=&#8221;initial&#8221; background_position=&#8221;top_left&#8221; background_repeat=&#8221;repeat&#8221; hover_enabled=&#8221;0&#8243; global_colors_info=&#8221;{}&#8221; sticky_enabled=&#8221;0&#8243;]<\/p>\n<p>Fundashon H\u00e8ndik\u00e8p Ouditivo ta dirig\u00ed su mes na guia tur persona ku un p\u00e8rdida di oido na K\u00f2rsou i en espesial alumnonan ku un p\u00e8rdida di o\u00eddo ku a kaba Skol Myrna Dovale (skol pa muchanan ku p\u00e8rdida di oido i\/\u00f2f problema di habla i idioma TOS). Fundashon (HAG) ta un organisashon boluntario ku no ta risib\u00ed supsidio.<\/p>\n<p>[\/et_pb_text][\/et_pb_column][\/et_pb_row][\/et_pb_section]<\/p>\n","protected":false},"excerpt":{"rendered":"<p>Fundashon H\u00e8ndik\u00e8p Ouditivo ta dirig\u00ed su mes na guia tur persona ku un p\u00e8rdida di oido na K\u00f2rsou i en espesial alumnonan ku un p\u00e8rdida di o\u00eddo ku a kaba Skol Myrna Dovale (skol pa muchanan ku p\u00e8rdida di oido i\/\u00f2f problema di habla i idioma TOS). Fundashon (HAG) ta un organisashon boluntario ku no [&hellip;]<\/p>\n","protected":false},"author":1,"featured_media":0,"parent":0,"menu_order":100,"comment_status":"closed","ping_status":"closed","template":"","meta":{"_et_pb_use_builder":"on","_et_pb_old_content":"Fundashon H\u00e8ndik\u00e8p Ouditivo ta dirig\u00ed su mes na guia tur persona ku un p\u00e8rdida di oido na K\u00f2rsou i en espesial alumnonan ku un p\u00e8rdida di o\u00eddo ku a kaba Skol Myrna Dovale (skol pa muchanan ku p\u00e8rdida di oido i\/\u00f2f problema di habla i idioma TOS). Fundashon (HAG) ta un organisashon boluntario ku no ta risib\u00ed supsidio.","_et_gb_content_width":"","_links_to":"","_links_to_type":0,"_vp_format_video_url":"","_vp_image_focal_point":[],"footnotes":""},"class_list":["post-479","page","type-page","status-publish","hentry"],"_links":{"self":[{"href":"https:\/\/fundashon-hendikep-ouditivo.org\/pap-cw\/wp-json\/wp\/v2\/pages\/479","targetHints":{"allow":["GET"]}}],"collection":[{"href":"https:\/\/fundashon-hendikep-ouditivo.org\/pap-cw\/wp-json\/wp\/v2\/pages"}],"about":[{"href":"https:\/\/fundashon-hendikep-ouditivo.org\/pap-cw\/wp-json\/wp\/v2\/types\/page"}],"author":[{"embeddable":true,"href":"https:\/\/fundashon-hendikep-ouditivo.org\/pap-cw\/wp-json\/wp\/v2\/users\/1"}],"replies":[{"embeddable":true,"href":"https:\/\/fundashon-hendikep-ouditivo.org\/pap-cw\/wp-json\/wp\/v2\/comments?post=479"}],"version-history":[{"count":0,"href":"https:\/\/fundashon-hendikep-ouditivo.org\/pap-cw\/wp-json\/wp\/v2\/pages\/479\/revisions"}],"wp:attachment":[{"href":"https:\/\/fundashon-hendikep-ouditivo.org\/pap-cw\/wp-json\/wp\/v2\/media?parent=479"}],"curies":[{"name":"wp","href":"https:\/\/api.w.org\/{rel}","templated":true}]}}